{"id":1087,"date":"2023-12-13T12:55:18","date_gmt":"2023-12-13T11:55:18","guid":{"rendered":"https:\/\/h2geo.komag.eu\/?page_id=1087"},"modified":"2023-12-13T12:55:18","modified_gmt":"2023-12-13T11:55:18","slug":"news-2","status":"publish","type":"page","link":"https:\/\/h2geo.komag.eu\/index.php\/news-2\/","title":{"rendered":"News"},"content":{"rendered":"\t\t\t<!-- Cool Timeline Free V2.9.1 -->\r\n\t\t\t<div class=\"ctl-wrapper\" role=\"region\" aria-label=\"Timeline\">\r\n\t\t\t\t<div class=\"ctl-before-content\"><div class=\"timeline-main-title\"><H2>Project news<\/H2><\/div><\/div>\t\t\t\t<div id=\"cool_timeline_1\" class=\"cool-timeline-wrapper ctl-both-sided ctl-vertical-wrapper\" >\r\n\t\t\t\t\t<div class=\"ctl-start\"><\/div>\r\n\t\t\t\t\t<!-- Timeline Container -->\r\n\t\t\t\t\t<div class=\"ctl-timeline ctl-timeline-container\" data-animation=\"none\">\r\n\t\t\t\t\t\t<!-- Center Line -->\r\n\t\t\t\t\t\t<div class=\"ctl-inner-line\" role=\"presentation\"><\/div>\r\n\t\t\t\t\t\t<!-- Story Year Section --><div data-cls=\"sc-nv-light vertical\" class=\"timeline-year scrollable-section ctl-year ctl-year-container light-year\" data-section-title=\"2026\" id=\"year-2026\"><div class=\"ctl-year-label ctl-year-text\"><span>2026<\/span><\/div><\/div><!-- Timeline Content --><div  id=\"ctl-story-1284\" class=\"ctl-story ctl-story-icon odd ctl-story-left\" data-aos=\"none\"   data-story-index=\"1\" role=\"article\"><!-- Story Date --><div class=\"ctl-labels\"><div class=\"ctl-label-big story-date\">March 31<\/div><\/div><!-- Story Icon --><div class=\"ctl-icon\"><i class= \"fa fas fa-scroll\" aria-hidden =\"true\"><\/i><\/div> <!-- Story Arrow --><div class=\"ctl-arrow\"><\/div><!-- Story Content --><div class=\"ctl-content\"><!-- Story Title --><div class=\"ctl-title story-1284\" aria-label=\"2\"><a target=\"_blank\" title=\"Scientific and Technical Conference KOMEKO 2026\" href=\"https:\/\/h2geo.komag.eu\/index.php\/cool_timeline\/scientific-and-technical-conference-komeko-2026\/\" class=\"story-link\">Scientific and Technical Conference KOMEKO 2026<\/a><\/div><!-- Story Media --><div class=\"ctl-media full\"><a data-glightbox=\"Scientific and Technical Conference KOMEKO 2026\" href=\"https:\/\/h2geo.komag.eu\/wp-content\/uploads\/2026\/03\/20260324_175530-scaled.jpg\" class=\"ctl_glightbox\"><img loading=\"lazy\" decoding=\"async\" width=\"750\" height=\"423\" src=\"https:\/\/h2geo.komag.eu\/wp-content\/uploads\/2026\/03\/20260324_175530-1024x577.jpg\" class=\"story-img wp-post-image\" alt=\"Scientific and Technical Conference KOMEKO 2026\" srcset=\"https:\/\/h2geo.komag.eu\/wp-content\/uploads\/2026\/03\/20260324_175530-1024x577.jpg 1024w, https:\/\/h2geo.komag.eu\/wp-content\/uploads\/2026\/03\/20260324_175530-300x169.jpg 300w, https:\/\/h2geo.komag.eu\/wp-content\/uploads\/2026\/03\/20260324_175530-768x432.jpg 768w, https:\/\/h2geo.komag.eu\/wp-content\/uploads\/2026\/03\/20260324_175530-1536x865.jpg 1536w, https:\/\/h2geo.komag.eu\/wp-content\/uploads\/2026\/03\/20260324_175530-2048x1153.jpg 2048w\" sizes=\"auto, (max-width: 750px) 100vw, 750px\" \/><\/a><\/div><!-- Story Description --><div class=\"ctl-description\"><p>During the KOMEKO 2026 conference, organized by the KOMAG Institute of Mining Technology, a POST-MINING project session was held, during which project partners presented the results of the work carried out to date. The presentations covered a wide range of topics, including research on the gasification of the energy fraction,&hellip;<a class=\"read_more ctl_read_more\" target=\"_blank\" href=\"https:\/\/h2geo.komag.eu\/index.php\/cool_timeline\/scientific-and-technical-conference-komeko-2026\/\" role=\"link\">Read More<\/a><\/p>\n<\/div><\/div><\/div><!-- Timeline Content --><div  id=\"ctl-story-1265\" class=\"ctl-story ctl-story-icon even ctl-story-right\" data-aos=\"none\"   data-story-index=\"2\" role=\"article\"><!-- Story Date --><div class=\"ctl-labels\"><div class=\"ctl-label-big story-date\">January 23<\/div><\/div><!-- Story Icon --><div class=\"ctl-icon\"><i class= \"fa far fa-comments\" aria-hidden =\"true\"><\/i><\/div> <!-- Story Arrow --><div class=\"ctl-arrow\"><\/div><!-- Story Content --><div class=\"ctl-content\"><!-- Story Title --><div class=\"ctl-title story-1265\" aria-label=\"2\"><a target=\"_blank\" title=\"H2GEO on the home stretch \u2013 picking up speed\" href=\"https:\/\/h2geo.komag.eu\/index.php\/cool_timeline\/h2geo-on-the-home-stretch-picking-up-speed\/\" class=\"story-link\">H2GEO on the home stretch \u2013 picking up speed<\/a><\/div><!-- Story Description --><div class=\"ctl-description\"><p>The H2GEO project has entered its final phase of implementation. In December 2025, in line with the project plan, six Deliverables related to WP4 and WP5 were submitted, addressing the utilisation of selected coal-bearing and mineral fractions. Deliverables 4.2 and 4.3 focused on hydrogen separation in the PSA process and&hellip;<a class=\"read_more ctl_read_more\" target=\"_blank\" href=\"https:\/\/h2geo.komag.eu\/index.php\/cool_timeline\/h2geo-on-the-home-stretch-picking-up-speed\/\" role=\"link\">Read More<\/a><\/p>\n<\/div><\/div><\/div><!-- Story Year Section --><div data-cls=\"sc-nv-light vertical\" class=\"timeline-year scrollable-section ctl-year ctl-year-container light-year\" data-section-title=\"2025\" id=\"year-2025\"><div class=\"ctl-year-label ctl-year-text\"><span>2025<\/span><\/div><\/div><!-- Timeline Content --><div  id=\"ctl-story-1260\" class=\"ctl-story ctl-story-icon odd ctl-story-left\" data-aos=\"none\"   data-story-index=\"3\" role=\"article\"><!-- Story Date --><div class=\"ctl-labels\"><div class=\"ctl-label-big story-date\">November 28<\/div><\/div><!-- Story Icon --><div class=\"ctl-icon\"><i class= \"fa fas fa-scroll\" aria-hidden =\"true\"><\/i><\/div> <!-- Story Arrow --><div class=\"ctl-arrow\"><\/div><!-- Story Content --><div class=\"ctl-content\"><!-- Story Title --><div class=\"ctl-title story-1260\" aria-label=\"2\"><a target=\"_blank\" title=\"Fourth Progress Meeting in Zabrze\" href=\"https:\/\/h2geo.komag.eu\/index.php\/cool_timeline\/fourth-progress-meeting-in-zabrze\/\" class=\"story-link\">Fourth Progress Meeting in Zabrze<\/a><\/div><!-- Story Media --><div class=\"ctl-media full\"><a data-glightbox=\"Fourth Progress Meeting in Zabrze\" href=\"https:\/\/h2geo.komag.eu\/wp-content\/uploads\/2025\/12\/Zdjecie-1-scaled.jpg\" class=\"ctl_glightbox\"><img loading=\"lazy\" decoding=\"async\" width=\"750\" height=\"330\" src=\"https:\/\/h2geo.komag.eu\/wp-content\/uploads\/2025\/12\/Zdjecie-1-1024x451.jpg\" class=\"story-img wp-post-image\" alt=\"Fourth Progress Meeting in Zabrze\" srcset=\"https:\/\/h2geo.komag.eu\/wp-content\/uploads\/2025\/12\/Zdjecie-1-1024x451.jpg 1024w, https:\/\/h2geo.komag.eu\/wp-content\/uploads\/2025\/12\/Zdjecie-1-300x132.jpg 300w, https:\/\/h2geo.komag.eu\/wp-content\/uploads\/2025\/12\/Zdjecie-1-768x338.jpg 768w, https:\/\/h2geo.komag.eu\/wp-content\/uploads\/2025\/12\/Zdjecie-1-1536x676.jpg 1536w, https:\/\/h2geo.komag.eu\/wp-content\/uploads\/2025\/12\/Zdjecie-1-2048x901.jpg 2048w\" sizes=\"auto, (max-width: 750px) 100vw, 750px\" \/><\/a><\/div><!-- Story Description --><div class=\"ctl-description\"><p>On 21 November 2025, the fourth Progress Meeting of the H2GEO project was held at the headquarters of the Institute of Energy and Fuel Processing Technology. During the meeting, the project partners presented the current results of research work concerning the potential use of the separated carbonaceous and mineral fractions.&hellip;<a class=\"read_more ctl_read_more\" target=\"_blank\" href=\"https:\/\/h2geo.komag.eu\/index.php\/cool_timeline\/fourth-progress-meeting-in-zabrze\/\" role=\"link\">Read More<\/a><\/p>\n<\/div><\/div><\/div><!-- Timeline Content --><div  id=\"ctl-story-1255\" class=\"ctl-story ctl-story-icon even ctl-story-right\" data-aos=\"none\"   data-story-index=\"4\" role=\"article\"><!-- Story Date --><div class=\"ctl-labels\"><div class=\"ctl-label-big story-date\">October 27<\/div><\/div><!-- Story Icon --><div class=\"ctl-icon\"><i class= \"fa fas fa-book-open\" aria-hidden =\"true\"><\/i><\/div> <!-- Story Arrow --><div class=\"ctl-arrow\"><\/div><!-- Story Content --><div class=\"ctl-content\"><!-- Story Title --><div class=\"ctl-title story-1255\" aria-label=\"2\"><a target=\"_blank\" title=\"Project Updates\" href=\"https:\/\/h2geo.komag.eu\/index.php\/cool_timeline\/project-updates\/\" class=\"story-link\">Project Updates<\/a><\/div><!-- Story Description --><div class=\"ctl-description\"><p>The article \u201cApplication of Jigging Beneficiation for Processing of Waste from Post-Mining Heaps for Circular Economy Purposes\u201d by D. Kowol. P. Matusiak, R. Baron, P. Friebe, S. Jendrysik, J. Bigda, A. Czardybon and K. Ignasiak was published in Minerals journal. (Minerals 2025, 15, 1108) The most important part of the&hellip;<a class=\"read_more ctl_read_more\" target=\"_blank\" href=\"https:\/\/h2geo.komag.eu\/index.php\/cool_timeline\/project-updates\/\" role=\"link\">Read More<\/a><\/p>\n<\/div><\/div><\/div><!-- Timeline Content --><div  id=\"ctl-story-1254\" class=\"ctl-story ctl-story-icon odd ctl-story-left\" data-aos=\"none\"   data-story-index=\"5\" role=\"article\"><!-- Story Date --><div class=\"ctl-labels\"><div class=\"ctl-label-big story-date\">October 20<\/div><\/div><!-- Story Icon --><div class=\"ctl-icon\"><i class= \"fa far fa-comments\" aria-hidden =\"true\"><\/i><\/div> <!-- Story Arrow --><div class=\"ctl-arrow\"><\/div><!-- Story Content --><div class=\"ctl-content\"><!-- Story Title --><div class=\"ctl-title story-1254\" aria-label=\"2\"><a target=\"_blank\" title=\"Progress in WP4 and WP5 Activities\" href=\"https:\/\/h2geo.komag.eu\/index.php\/cool_timeline\/progress-in-wp4-and-wp5-activities\/\" class=\"story-link\">Progress in WP4 and WP5 Activities<\/a><\/div><!-- Story Description --><div class=\"ctl-description\"><p>Intensive research work is progressing within WP4 and WP5. By the end of this year, six Deliverables are planned for completion, focusing on gasification and hydrogen separation processes, characterization of geopolymer properties, and the development of methods for utilizing mineral fractions in construction materials, environmental applications, and mineral recovery.<\/p>\n<\/div><\/div><\/div><!-- Timeline Content --><div  id=\"ctl-story-1240\" class=\"ctl-story ctl-story-icon even ctl-story-right\" data-aos=\"none\"   data-story-index=\"6\" role=\"article\"><!-- Story Date --><div class=\"ctl-labels\"><div class=\"ctl-label-big story-date\">July 7<\/div><\/div><!-- Story Icon --><div class=\"ctl-icon\"><i class= \"fa far fa-comments\" aria-hidden =\"true\"><\/i><\/div> <!-- Story Arrow --><div class=\"ctl-arrow\"><\/div><!-- Story Content --><div class=\"ctl-content\"><!-- Story Title --><div class=\"ctl-title story-1240\" aria-label=\"2\"><a target=\"_blank\" title=\"New results of the H2GEO project\" href=\"https:\/\/h2geo.komag.eu\/index.php\/cool_timeline\/new-results-of-the-h2geo-project\/\" class=\"story-link\">New results of the H2GEO project<\/a><\/div><!-- Story Description --><div class=\"ctl-description\"><p>The next report summarizing the work carried out under task T4.1 has been posted on the portal in June. Deliverable D4.1 &#8220;Evaluation of data from operational tests of the plasma gasifier&#8221; was prepared by VSB (Technical University of Ostrava) .As part of the planned activities, plasma gasification experiments of the&hellip;<a class=\"read_more ctl_read_more\" target=\"_blank\" href=\"https:\/\/h2geo.komag.eu\/index.php\/cool_timeline\/new-results-of-the-h2geo-project\/\" role=\"link\">Read More<\/a><\/p>\n<\/div><\/div><\/div><!-- Timeline Content --><div  id=\"ctl-story-1237\" class=\"ctl-story ctl-story-icon odd ctl-story-left\" data-aos=\"none\"   data-story-index=\"7\" role=\"article\"><!-- Story Date --><div class=\"ctl-labels\"><div class=\"ctl-label-big story-date\">June 13<\/div><\/div><!-- Story Icon --><div class=\"ctl-icon\"><i class= \"fa fas fa-scroll\" aria-hidden =\"true\"><\/i><\/div> <!-- Story Arrow --><div class=\"ctl-arrow\"><\/div><!-- Story Content --><div class=\"ctl-content\"><!-- Story Title --><div class=\"ctl-title story-1237\" aria-label=\"2\"><a target=\"_blank\" title=\"15th \u015awi\u0119tokrzyskie Mineral Processing Meetings\" href=\"https:\/\/h2geo.komag.eu\/index.php\/cool_timeline\/15th-swietokrzyskie-mineral-processing-meetings\/\" class=\"story-link\">15th \u015awi\u0119tokrzyskie Mineral Processing Meetings<\/a><\/div><!-- Story Media --><div class=\"ctl-media full\"><a data-glightbox=\"15th \u015awi\u0119tokrzyskie Mineral Processing Meetings\" href=\"https:\/\/h2geo.komag.eu\/wp-content\/uploads\/2025\/06\/IMG-20250605-WA0013n1.jpg\" class=\"ctl_glightbox\"><img loading=\"lazy\" decoding=\"async\" width=\"750\" height=\"617\" src=\"https:\/\/h2geo.komag.eu\/wp-content\/uploads\/2025\/06\/IMG-20250605-WA0013n1-1024x842.jpg\" class=\"story-img wp-post-image\" alt=\"15th \u015awi\u0119tokrzyskie Mineral Processing Meetings\" srcset=\"https:\/\/h2geo.komag.eu\/wp-content\/uploads\/2025\/06\/IMG-20250605-WA0013n1-1024x842.jpg 1024w, https:\/\/h2geo.komag.eu\/wp-content\/uploads\/2025\/06\/IMG-20250605-WA0013n1-300x247.jpg 300w, https:\/\/h2geo.komag.eu\/wp-content\/uploads\/2025\/06\/IMG-20250605-WA0013n1-768x631.jpg 768w, https:\/\/h2geo.komag.eu\/wp-content\/uploads\/2025\/06\/IMG-20250605-WA0013n1-1536x1263.jpg 1536w, https:\/\/h2geo.komag.eu\/wp-content\/uploads\/2025\/06\/IMG-20250605-WA0013n1.jpg 1597w\" sizes=\"auto, (max-width: 750px) 100vw, 750px\" \/><\/a><\/div><!-- Story Description --><div class=\"ctl-description\"><p>During the 15th \u015awi\u0119tokrzyskie Mineral Processing Meetings, held on June 5\u20136, 2025, the presentation titled \u201cFrom Waste to Resource \u2013 The Concept of Reclaiming Mining Waste Landfills under the H2GEO Project for a Circular Economy\u201d (Od odpadu do zasobu \u2013 koncepcja rekultywacji sk\u0142adowisk odpad\u00f3w g\u00f3rniczych w ramach projektu H2GEO na&hellip;<a class=\"read_more ctl_read_more\" target=\"_blank\" href=\"https:\/\/h2geo.komag.eu\/index.php\/cool_timeline\/15th-swietokrzyskie-mineral-processing-meetings\/\" role=\"link\">Read More<\/a><\/p>\n<\/div><\/div><\/div><!-- Timeline Content --><div  id=\"ctl-story-1231\" class=\"ctl-story ctl-story-icon even ctl-story-right\" data-aos=\"none\"   data-story-index=\"8\" role=\"article\"><!-- Story Date --><div class=\"ctl-labels\"><div class=\"ctl-label-big story-date\">May 22<\/div><\/div><!-- Story Icon --><div class=\"ctl-icon\"><i class= \"fa fas fa-calendar-check\" aria-hidden =\"true\"><\/i><\/div> <!-- Story Arrow --><div class=\"ctl-arrow\"><\/div><!-- Story Content --><div class=\"ctl-content\"><!-- Story Title --><div class=\"ctl-title story-1231\" aria-label=\"2\"><a target=\"_blank\" title=\"Progress Meeting in Ostrava\" href=\"https:\/\/h2geo.komag.eu\/index.php\/cool_timeline\/progress-meeting-in-ostrava\/\" class=\"story-link\">Progress Meeting in Ostrava<\/a><\/div><!-- Story Media --><div class=\"ctl-media full\"><a data-glightbox=\"Progress Meeting in Ostrava\" href=\"https:\/\/h2geo.komag.eu\/wp-content\/uploads\/2025\/05\/ceete-scaled.png\" class=\"ctl_glightbox\"><img loading=\"lazy\" decoding=\"async\" width=\"750\" height=\"500\" src=\"https:\/\/h2geo.komag.eu\/wp-content\/uploads\/2025\/05\/ceete-1024x683.png\" class=\"story-img wp-post-image\" alt=\"Progress Meeting in Ostrava\" srcset=\"https:\/\/h2geo.komag.eu\/wp-content\/uploads\/2025\/05\/ceete-1024x683.png 1024w, https:\/\/h2geo.komag.eu\/wp-content\/uploads\/2025\/05\/ceete-300x200.png 300w, https:\/\/h2geo.komag.eu\/wp-content\/uploads\/2025\/05\/ceete-768x512.png 768w, https:\/\/h2geo.komag.eu\/wp-content\/uploads\/2025\/05\/ceete-1536x1024.png 1536w, https:\/\/h2geo.komag.eu\/wp-content\/uploads\/2025\/05\/ceete-2048x1365.png 2048w\" sizes=\"auto, (max-width: 750px) 100vw, 750px\" \/><\/a><\/div><!-- Story Description --><div class=\"ctl-description\"><p>On May 15, 2025, the third Progress Meeting was held as part of the H2GEO project, organized by the Czech partner \u2013 VSB in Ostrava. During the meeting, the progress of the work and the next planned activities were discussed. Currently, intensive work is underway, including the design of a&hellip;<a class=\"read_more ctl_read_more\" target=\"_blank\" href=\"https:\/\/h2geo.komag.eu\/index.php\/cool_timeline\/progress-meeting-in-ostrava\/\" role=\"link\">Read More<\/a><\/p>\n<\/div><\/div><\/div><!-- Timeline Content --><div  id=\"ctl-story-1214\" class=\"ctl-story ctl-story-icon odd ctl-story-left\" data-aos=\"none\"   data-story-index=\"9\" role=\"article\"><!-- Story Date --><div class=\"ctl-labels\"><div class=\"ctl-label-big story-date\">May 7<\/div><\/div><!-- Story Icon --><div class=\"ctl-icon\"><i class= \"fa fas fa-book-open\" aria-hidden =\"true\"><\/i><\/div> <!-- Story Arrow --><div class=\"ctl-arrow\"><\/div><!-- Story Content --><div class=\"ctl-content\"><!-- Story Title --><div class=\"ctl-title story-1214\" aria-label=\"2\"><a target=\"_blank\" title=\"Another articles on the H2GEO project\" href=\"https:\/\/h2geo.komag.eu\/index.php\/cool_timeline\/another-articles-on-the-h2geo-project\/\" class=\"story-link\">Another articles on the H2GEO project<\/a><\/div><!-- Story Description --><div class=\"ctl-description\"><p>The article \u201cPerformance Evaluation of Pressure Swing Adsorption for Hydrogen Separation from Syngas and Water\u2013Gas Shift Syngas\u201d by A. Kr\u00f3tki. J. Bigda, T. Spietz, K. Ignasiak, P. Matusiak, and D. Kowol, was published in Energies journal. (Energies 2025, 18, 1887) The next article &#8220;H2GEO \u2013 Innovative Processing Technologies and Directions&hellip;<a class=\"read_more ctl_read_more\" target=\"_blank\" href=\"https:\/\/h2geo.komag.eu\/index.php\/cool_timeline\/another-articles-on-the-h2geo-project\/\" role=\"link\">Read More<\/a><\/p>\n<\/div><\/div><\/div><!-- Timeline Content --><div  id=\"ctl-story-1210\" class=\"ctl-story ctl-story-icon even ctl-story-right\" data-aos=\"none\"   data-story-index=\"10\" role=\"article\"><!-- Story Date --><div class=\"ctl-labels\"><div class=\"ctl-label-big story-date\">April 29<\/div><\/div><!-- Story Icon --><div class=\"ctl-icon\"><i class= \"fa fas fa-scroll\" aria-hidden =\"true\"><\/i><\/div> <!-- Story Arrow --><div class=\"ctl-arrow\"><\/div><!-- Story Content --><div class=\"ctl-content\"><!-- Story Title --><div class=\"ctl-title story-1210\" aria-label=\"2\"><a target=\"_blank\" title=\"XXV Mineral Aggregates Conference\" href=\"https:\/\/h2geo.komag.eu\/index.php\/cool_timeline\/xxv-mineral-aggregates-conference\/\" class=\"story-link\">XXV Mineral Aggregates Conference<\/a><\/div><!-- Story Media --><div class=\"ctl-media full\"><a data-glightbox=\"XXV Mineral Aggregates Conference\" href=\"https:\/\/h2geo.komag.eu\/wp-content\/uploads\/2025\/05\/20250424_140645-scaled.jpg\" class=\"ctl_glightbox\"><img loading=\"lazy\" decoding=\"async\" width=\"750\" height=\"423\" src=\"https:\/\/h2geo.komag.eu\/wp-content\/uploads\/2025\/05\/20250424_140645-1024x577.jpg\" class=\"story-img wp-post-image\" alt=\"XXV Mineral Aggregates Conference\" srcset=\"https:\/\/h2geo.komag.eu\/wp-content\/uploads\/2025\/05\/20250424_140645-1024x577.jpg 1024w, https:\/\/h2geo.komag.eu\/wp-content\/uploads\/2025\/05\/20250424_140645-300x169.jpg 300w, https:\/\/h2geo.komag.eu\/wp-content\/uploads\/2025\/05\/20250424_140645-768x432.jpg 768w, https:\/\/h2geo.komag.eu\/wp-content\/uploads\/2025\/05\/20250424_140645-1536x865.jpg 1536w, https:\/\/h2geo.komag.eu\/wp-content\/uploads\/2025\/05\/20250424_140645-2048x1153.jpg 2048w\" sizes=\"auto, (max-width: 750px) 100vw, 750px\" \/><\/a><\/div><!-- Story Description --><div class=\"ctl-description\"><p>During the 25th Mineral Aggregates conference, which took place on April 23\u201325, 2025, in Kudowa-Zdr\u00f3j (Poland), a special session was held dedicated to the H2GEO project. During the session titled &#8220;Innovative Technologies for the Extraction and Use of Raw Materials from Anthropogenic Deposits,&#8221; four papers were presented. From ITG KOMAG,&hellip;<a class=\"read_more ctl_read_more\" target=\"_blank\" href=\"https:\/\/h2geo.komag.eu\/index.php\/cool_timeline\/xxv-mineral-aggregates-conference\/\" role=\"link\">Read More<\/a><\/p>\n<\/div><\/div><\/div>\t\t\t\t\t<\/div>\r\n\t\t\t\t\t<div class=\"ctl-end\"><\/div>\r\n\t\t\t\t\t<nav class=\"ctl-pagination\" aria-label=\"Timeline Navigation\"><span class=\"page-numbers ctl-page-num\" role=\"status\"> Page 1 of 4<\/span> <span aria-current=\"page\" class=\"page-numbers current\">1<\/span>\n<a class=\"page-numbers\" href=\"https:\/\/h2geo.komag.eu\/index.php\/wp-json\/wp\/v2\/pages\/1087\/page\/2\/\">2<\/a>\n<span class=\"page-numbers dots\">&hellip;<\/span>\n<a class=\"page-numbers\" href=\"https:\/\/h2geo.komag.eu\/index.php\/wp-json\/wp\/v2\/pages\/1087\/page\/4\/\">4<\/a>\n<a class=\"next page-numbers\" href=\"https:\/\/h2geo.komag.eu\/index.php\/wp-json\/wp\/v2\/pages\/1087\/page\/2\/\"><svg xmlns=\"http:\/\/www.w3.org\/2000\/svg\" height=\"1em\" viewBox=\"0 0 448 512\">\r\n\t\t\t\t<path d=\"M224.3 273l-136 136c-9.4 9.4-24.6 9.4-33.9 0l-22.6-22.6c-9.4-9.4-9.4-24.6 0-33.9l96.4-96.4-96.4-96.4c-9.4-9.4-9.4-24.6 0-33.9L54.3 103c9.4-9.4 24.6-9.4 33.9 0l136 136c9.5 9.4 9.5 24.6.1 34zm192-34l-136-136c-9.4-9.4-24.6-9.4-33.9 0l-22.6 22.6c-9.4 9.4-9.4 24.6 0 33.9l96.4 96.4-96.4 96.4c-9.4 9.4-9.4 24.6 0 33.9l22.6 22.6c9.4 9.4 24.6 9.4 33.9 0l136-136c9.4-9.2 9.4-24.4 0-33.8z\"\/>\r\n\t\t\t\t<\/svg><\/a><\/nav>\t\t\t\t<\/div>\r\n\t\t\t<\/div>\r\n\t\t\t\n","protected":false},"excerpt":{"rendered":"","protected":false},"author":1,"featured_media":0,"parent":0,"menu_order":0,"comment_status":"closed","ping_status":"closed","template":"","meta":{"footnotes":""},"class_list":["post-1087","page","type-page","status-publish","hentry"],"_links":{"self":[{"href":"https:\/\/h2geo.komag.eu\/index.php\/wp-json\/wp\/v2\/pages\/1087","targetHints":{"allow":["GET"]}}],"collection":[{"href":"https:\/\/h2geo.komag.eu\/index.php\/wp-json\/wp\/v2\/pages"}],"about":[{"href":"https:\/\/h2geo.komag.eu\/index.php\/wp-json\/wp\/v2\/types\/page"}],"author":[{"embeddable":true,"href":"https:\/\/h2geo.komag.eu\/index.php\/wp-json\/wp\/v2\/users\/1"}],"replies":[{"embeddable":true,"href":"https:\/\/h2geo.komag.eu\/index.php\/wp-json\/wp\/v2\/comments?post=1087"}],"version-history":[{"count":2,"href":"https:\/\/h2geo.komag.eu\/index.php\/wp-json\/wp\/v2\/pages\/1087\/revisions"}],"predecessor-version":[{"id":1098,"href":"https:\/\/h2geo.komag.eu\/index.php\/wp-json\/wp\/v2\/pages\/1087\/revisions\/1098"}],"wp:attachment":[{"href":"https:\/\/h2geo.komag.eu\/index.php\/wp-json\/wp\/v2\/media?parent=1087"}],"curies":[{"name":"wp","href":"https:\/\/api.w.org\/{rel}","templated":true}]}}